
{"id":2558,"date":"2024-04-11T18:00:34","date_gmt":"2024-04-11T18:00:34","guid":{"rendered":"https:\/\/nebrastools.com\/product\/%d8%b7%d9%82%d9%85-%d8%aa%d8%b3%d9%86%d9%8a%d9%86-%d9%8a%d8%a7%d8%a8%d8%a7%d9%86%d9%8a-110-%d9%82%d8%b7%d8%b9%d8%a9\/"},"modified":"2025-12-13T07:17:50","modified_gmt":"2025-12-13T07:17:50","slug":"%d8%b7%d9%82%d9%85-%d8%aa%d8%b3%d9%86%d9%8a%d9%86-%d9%8a%d8%a7%d8%a8%d8%a7%d9%86%d9%8a-110-%d9%82%d8%b7%d8%b9%d8%a9","status":"publish","type":"product","link":"https:\/\/nebrastools.com\/en\/product\/%d8%b7%d9%82%d9%85-%d8%aa%d8%b3%d9%86%d9%8a%d9%86-%d9%8a%d8%a7%d8%a8%d8%a7%d9%86%d9%8a-110-%d9%82%d8%b7%d8%b9%d8%a9\/","title":{"rendered":"\u0637\u0642\u0645 \u062a\u0633\u0646\u064a\u0646 \u064a\u0627\u0628\u0627\u0646\u064a 110 \u0642\u0637\u0639\u0629 SKSETC110M M2 \u2013 M18"},"content":{"rendered":"<p>2\u00d70.4, 3\u00d70.5, 4\u00d70.7, 5\u00d70.8, 6\u00d70.75, 6\u00d71.0, 7\u00d70.75, 7\u00d71.0, 8\u00d70.75, 8\u00d71.0, 8\u00d71.25, 9\u00d70.75, 9\u00d71.0, 9\u00d71.25, 10\u00d70.75, 10\u00d71.0, 10\u00d71.25, 10\u00d71.5, 11\u00d70.75, 11\u00d71.0, 11\u00d71.25, 11\u00d71.5, 12\u00d70.75, 12\u00d71.0, 12\u00d71.25, 12\u00d71.5, 12\u00d71.75, 14\u00d71.0, 14\u00d71.25, 14\u00d71.5, 14\u00d72.0, 16\u00d71.0, 16\u00d71.5, 16\u00d72.0, 18\u00d71.5<br \/>\n1 each of 1\u2033 OD and 1-1\/2\u2033 OD Dies<br \/>\n1 each of Taper Taps and Bottoming Taps<br \/>\n1 each of Die Stock for 1\u2033 OD and 1-1\/2\u2033 OD<br \/>\n1 each of Adjustable Tap Wrench No.4 &amp; No.6<br \/>\n1 each of T Type Tap Wrench<\/p>\n<p><strong>Features include:<\/strong><\/p>\n<p>M2-M18 Coarse &amp; Fine Thread<br \/>\nFully guaranteed<br \/>\nMetal storage carry case<br \/>\nMade in Japan<\/p>","protected":false},"excerpt":{"rendered":"<p>2\u00d70.4, 3\u00d70.5, 4\u00d70.7, 5\u00d70.8, 6\u00d70.75, 6\u00d71.0, 7\u00d70.75, 7\u00d71.0, 8\u00d70.75, 8\u00d71.0, 8\u00d71.25, 9\u00d70.75, 9\u00d71.0, 9\u00d71.25, 10\u00d70.75, 10\u00d71.0, 10\u00d71.25, 10\u00d71.5, 11\u00d70.75, 11\u00d71.0,<\/p>","protected":false},"featured_media":9688,"comment_status":"open","ping_status":"closed","template":"","meta":[],"product_cat":[84,17,40,36],"product_tag":[],"class_list":{"0":"post-2558","1":"product","2":"type-product","3":"status-publish","4":"has-post-thumbnail","6":"product_cat-fasteners","7":"product_cat-hand-tools","8":"product_cat-drilling-and-fastening","9":"product_cat-construction-tools","11":"first","12":"outofstock","13":"sold-individually","14":"taxable","15":"shipping-taxable","16":"purchasable","17":"product-type-simple"},"jetpack_sharing_enabled":true,"_links":{"self":[{"href":"https:\/\/nebrastools.com\/en\/wp-json\/wp\/v2\/product\/2558","targetHints":{"allow":["GET"]}}],"collection":[{"href":"https:\/\/nebrastools.com\/en\/wp-json\/wp\/v2\/product"}],"about":[{"href":"https:\/\/nebrastools.com\/en\/wp-json\/wp\/v2\/types\/product"}],"replies":[{"embeddable":true,"href":"https:\/\/nebrastools.com\/en\/wp-json\/wp\/v2\/comments?post=2558"}],"wp:featuredmedia":[{"embeddable":true,"href":"https:\/\/nebrastools.com\/en\/wp-json\/wp\/v2\/media\/9688"}],"wp:attachment":[{"href":"https:\/\/nebrastools.com\/en\/wp-json\/wp\/v2\/media?parent=2558"}],"wp:term":[{"taxonomy":"product_cat","embeddable":true,"href":"https:\/\/nebrastools.com\/en\/wp-json\/wp\/v2\/product_cat?post=2558"},{"taxonomy":"product_tag","embeddable":true,"href":"https:\/\/nebrastools.com\/en\/wp-json\/wp\/v2\/product_tag?post=2558"}],"curies":[{"name":"wp","href":"https:\/\/api.w.org\/{rel}","templated":true}]}}